


























{"id":2433,"date":"2019-10-25T08:40:28","date_gmt":"2019-10-25T07:40:28","guid":{"rendered":"http:\/\/ortzadar.es\/?page_id=2433"},"modified":"2021-05-04T13:15:15","modified_gmt":"2021-05-04T12:15:15","slug":"politica-de-privacidad","status":"publish","type":"page","link":"https:\/\/ortzadar.es\/es\/politica-de-privacidad\/","title":{"rendered":"Pol\u00edtica de privacidad"},"content":{"rendered":"<p style=\"text-align: center;\"><strong>ORTZADAR,<\/strong> <strong>S. L.<\/strong><\/p>\n<p style=\"text-align: center;\">Plaza Landabaso, 12 &#8211; 3\u00ba B \u00a048015 Bilbao- Bizkaia \u00a0CIF: B48457808<\/p>\n<p>&nbsp;<\/p>\n<p>&nbsp;<\/p>\n<p><a href=\"http:\/\/www.ortzadar.es\/\">www.ortzadar.es<\/a> informa a los interesados acerca de su pol\u00edtica de protecci\u00f3n de datos de car\u00e1cter personal.<\/p>\n<p>En aplicaci\u00f3n de la normativa vigente en materia de protecci\u00f3n de datos de car\u00e1cter personal, informa que los datos personales que se recogen a trav\u00e9s de los formularios del Sitio web:<a href=\"http:\/\/www.ortzadar.es\/\"> www.ortzadar.es,<\/a> se incluyen los tratamientos automatizados espec\u00edficos de personas que contactan para obtener informaci\u00f3n de los servicios que prestamos o de los productos que ofrecemos.<\/p>\n<p>&nbsp;<\/p>\n<p>La recogida y tratamiento automatizado de los datos de car\u00e1cter personal tiene como finalidad el mantenimiento de la relaci\u00f3n comercial y el desempe\u00f1o de tareas de informaci\u00f3n, formaci\u00f3n, asesoramiento y otras actividades propias de esta entidad.<\/p>\n<p>&nbsp;<\/p>\n<p>Estos datos no ser\u00e1n cedidos a terceros salvo obligaci\u00f3n legal o a Organismos P\u00fablicos competentes en la materia.<\/p>\n<p>&nbsp;<\/p>\n<p>ORTZADAR, S. L. adopta las medidas necesarias para garantizar la seguridad, integridad y confidencialidad de los datos conforme a lo dispuesto en el Reglamento (UE) 2016\/679 del Parlamento Europeo y del Consejo, de 27 de abril de 2016, relativo a la \u00a0protecci\u00f3n \u00a0de \u00a0las personas f\u00edsicas en lo que respecta al tratamiento de datos personales y a la libre circulaci\u00f3n de los mismos.<\/p>\n<p>&nbsp;<\/p>\n<h3>\u00bfCu\u00e1les son sus derechos cuando nos facilita sus datos?:<\/h3>\n<p><strong>\u00a0<\/strong><\/p>\n<p>El usuario podr\u00e1 en cualquier momento ejercitar los derechos de acceso, oposici\u00f3n, rectificaci\u00f3n, cancelaci\u00f3n, limitaci\u00f3n y portabilidad reconocidos \u00a0en \u00a0el \u00a0citado \u00a0Reglamento \u00a0(UE). \u00a0El \u00a0ejercicio de estos derechos puede realizarlo el \u00a0propio \u00a0usuario \u00a0a \u00a0la \u00a0siguiente \u00a0direcci\u00f3n ORTZADAR, S. L., Plaza Landabaso, \u00a012 \u00a0&#8211; \u00a03 \u00ba \u00a0B \u00a0&#8211; \u00a048015 \u00a0Bilbao \u00a0( Bizkaia) mediante un escrito acompa\u00f1ado con un documento de identificaci\u00f3n, o en su defecto a la direcci\u00f3n de correo electr\u00f3nico. <a href=\"mailto:ortzadar@ortzadar.es\">ortzadar@ortzadar.es<\/a><\/p>\n<p>&nbsp;<\/p>\n<p>El usuario manifiesta que todos los datos facilitados por \u00e9l son ciertos y correctos, y se compromete a mantenerlos actualizados, comunicando los cambios a la direcci\u00f3n anterior<\/p>\n<p>&nbsp;<\/p>\n<p><strong><u>Acceso, rectificaci\u00f3n y supresi\u00f3n<\/u><\/strong>. &#8211; las personas interesadas tienen derecho a acceder a sus datos personales, as\u00ed como a solicitar la rectificaci\u00f3n de los datos inexactos o, en su caso, solicitar su supresi\u00f3n cuando, entre otros motivos, los datos ya no sean necesarios para la finalidad de la recogida.<\/p>\n<p>&nbsp;<\/p>\n<p><strong><u>Limitaci\u00f3n<\/u><\/strong>. \u2013 en determinadas circunstancias, los interesados podr\u00e1n solicitar la limitaci\u00f3n al tratamiento, en cuyo caso \u00fanicamente los conservaremos para el ejercicio o defensa de reclamaciones.<\/p>\n<p>&nbsp;<\/p>\n<p><strong><u>Oposici\u00f3n<\/u><\/strong>. \u2013 los interesados podr\u00e1n oponerse al tratamiento de sus datos. ORTZADAR, S. L., dejar\u00e1 de tratar los datos, salvo por motivos leg\u00edtimos, imperiosos, o el ejercicio o defensa de posibles reclamaciones, y los mantendremos debidamente bloqueados durante el plazo correspondiente mientras persistan las obligaciones legales. Igualmente, el interesado tiene derecho a oponerse a la adopci\u00f3n de decisiones individuales automatizadas que pudieran producir\u00e9 efectos jur\u00eddicos o afectarle significativamente.<\/p>\n<p>&nbsp;<\/p>\n<p><strong><u>Oposici\u00f3n al env\u00edo de publicidad<\/u><\/strong>. \u2013 los interesados podr\u00e1n oponerse al env\u00edo de publicidad por parte de ORTZADAR, S. L.. En caso de ejercer el derecho de oposici\u00f3n al env\u00edo de publicidad, sus datos ser\u00e1n incluidos en un listado de exclusi\u00f3n publicitaria que tiene por objeto disminuir la publicidad que recibe.<\/p>\n<p>&nbsp;<\/p>\n<p><strong><u>Portabilidad<\/u><\/strong>. &#8211; las personas interesadas pueden solicitar recibir los datos que le incumban y que nos haya facilitado o solicitar que se los enviemos a otro Responsable del Tratamiento de su elecci\u00f3n, en un formato estructurado de uso com\u00fan y lectura mec\u00e1nica.<\/p>\n<p>Asimismo, el interesado tiene derecho a retirar en cualquier momento el consentimiento prestado, sin que ello afecte a la licitud del tratamiento basado en el consentimiento prestado en el momento de la suscripci\u00f3n del consentimiento.<\/p>\n<p>&nbsp;<\/p>\n<h3>Finalidad del tratamiento de los datos personales:<\/h3>\n<p><strong>\u00a0<\/strong><\/p>\n<p>Trataremos tus datos personales con las siguientes finalidades:<\/p>\n<p>&nbsp;<\/p>\n<ol>\n<li>En caso de contrataci\u00f3n de los bienes y servicios ofertados, para mantener la relaci\u00f3n contractual, as\u00ed como la gesti\u00f3n, administraci\u00f3n, informaci\u00f3n, prestaci\u00f3n y mejora del<\/li>\n<li>Env\u00edo de informaci\u00f3n solicitada a trav\u00e9s de los formularios dispuestos para tal<\/li>\n<\/ol>\n<p>&nbsp;<\/p>\n<ol start=\"3\">\n<li>Remitir boletines (newsletters), as\u00ed como comunicaciones comerciales de promociones y\/o publicidad y del sector por medios electr\u00f3nicos.<\/li>\n<\/ol>\n<p>Le recordamos que puedes oponerte al env\u00edo de comunicaciones comerciales por cualquier v\u00eda y en cualquier momento, remitiendo un correo electr\u00f3nico a <a href=\"mailto:jesus.quintana@ortzadar.es\">jesus.quintana@ortzadar.es.<\/a><\/p>\n<p>&nbsp;<\/p>\n<p>Los campos de dichos registros son de cumplimentaci\u00f3n obligatoria, siendo imposible realizar las finalidades expresadas si no se aportan esos datos.<\/p>\n<p>&nbsp;<\/p>\n<p>&nbsp;<\/p>\n<p>&nbsp;<\/p>\n<h3>\u00bfPor cu\u00e1nto tiempo se conservan los datos personales recabados?<\/h3>\n<p>&nbsp;<\/p>\n<p>Los datos personales proporcionados se conservar\u00e1n mientras se mantenga la relaci\u00f3n comercial o no solicites su supresi\u00f3n y durante el plazo por el cu\u00e1l pudieran derivarse responsabilidades legales por los servicios prestados.<\/p>\n<p>&nbsp;<\/p>\n<h3>Legitimaci\u00f3n<\/h3>\n<p><strong>\u00a0<\/strong><\/p>\n<p>El tratamiento de tus datos se realiza con las siguientes bases jur\u00eddicas que legitiman el mismo:<\/p>\n<p>&nbsp;<\/p>\n<ol>\n<li>La solicitud de informaci\u00f3n y\/o la contrataci\u00f3n de nuestros productos o servicios, cuyos t\u00e9rminos y condiciones se pondr\u00e1n a tu disposici\u00f3n en todo caso, de forma previa a una eventual contrataci\u00f3n.<\/li>\n<li>El consentimiento libre, espec\u00edfico, informado e inequ\u00edvoco, en tanto que te informamos poniendo a tu disposici\u00f3n la presente pol\u00edtica de privacidad que, tras la lectura de la misma, en caso de estar conforme, puedes aceptar mediante una declaraci\u00f3n o una clara acci\u00f3n afirmativa, como el marcado de una casilla dispuesta al<\/li>\n<\/ol>\n<p>&nbsp;<\/p>\n<p>En caso de que no nos facilites tus datos o lo hagas de forma err\u00f3nea o incompleta, no podremos atender tu solicitud, resultando del todo imposible proporcionarte la informaci\u00f3n solicitada o llevar a cabo la contrataci\u00f3n de los servicios.<\/p>\n<p>&nbsp;<\/p>\n<h3>Destinatarios:<\/h3>\n<p><strong>\u00a0<\/strong><\/p>\n<p>Los datos no se comunicar\u00e1n a ning\u00fan tercero ajeno a nosotros, salvo obligaci\u00f3n legal.<\/p>\n<p>&nbsp;<\/p>\n<h3>Datos recopilados por usuarios de los servicios<\/h3>\n<p><strong>\u00a0<\/strong><\/p>\n<p>En los casos en que el usuario incluya ficheros con datos de car\u00e1cter personal en los servidores de alojamiento compartido, no nos haremos responsables del incumplimiento por parte del usuario del RGPD.<\/p>\n<p>&nbsp;<\/p>\n<h3>Derechos propiedad intelectual<\/h3>\n<p><strong>\u00a0<\/strong><\/p>\n<p>ORTZADAR, S. L. es titular de todos los derechos de autor, propiedad intelectual, industrial, \u00abknow how\u00bb y cuantos otros derechos guardan relaci\u00f3n con los contenidos de nuestro sitio web y los servicios ofertados en el mismo, as\u00ed como de los programas necesarios para \u00a0su implementaci\u00f3n y la informaci\u00f3n relacionada.<\/p>\n<p>&nbsp;<\/p>\n<p>No se permite la reproducci\u00f3n, publicaci\u00f3n y\/o uso no estrictamente privado de los contenidos, totales o parciales, de nuestro sitio web sin el consentimiento previo y por escrito.<\/p>\n<p>&nbsp;<\/p>\n<p>&nbsp;<\/p>\n<h3>Propiedad intelectual del software<\/h3>\n<p>&nbsp;<\/p>\n<p>El usuario debe respetar los programas de terceros puestos a su disposici\u00f3n por ORTZADAR, S. L., aun siendo gratuitos y\/o de disposici\u00f3n p\u00fablica.<\/p>\n<p>&nbsp;<\/p>\n<p>ORTZADAR, S. L. dispone de los derechos de explotaci\u00f3n y propiedad intelectual necesarios del software.<\/p>\n<p>&nbsp;<\/p>\n<p>El usuario no adquiere derecho alguno o licencia por el servicio contratado, sobre el software necesario para la prestaci\u00f3n del servicio, ni tampoco \u00a0sobre \u00a0la \u00a0informaci\u00f3n \u00a0t\u00e9cnica \u00a0de seguimiento del servicio, excepci\u00f3n hecha de los derechos y licencias necesarios para el cumplimiento de los servicios contratados y \u00fanicamente durante la duraci\u00f3n de los mismos.<\/p>\n<p>&nbsp;<\/p>\n<p>Para toda actuaci\u00f3n que exceda del cumplimiento del contrato, el usuario necesitar\u00e1 autorizaci\u00f3n por escrito por nuestra parte, quedando prohibido al usuario acceder, modificar, visualizar la configuraci\u00f3n, estructura y ficheros de los servidores de nuestra propiedad, asumiendo la responsabilidad civil y penal derivada \u00a0de \u00a0cualquier \u00a0incidencia \u00a0que \u00a0se \u00a0pudiera \u00a0producir \u00a0en los servidores y sistemas de seguridad como consecuencia directa de una actuaci\u00f3n negligente o maliciosa por su parte.<\/p>\n<p>&nbsp;<\/p>\n<h3>Propiedad intelectual de los contenidos alojados.<\/h3>\n<p><strong>\u00a0<\/strong><\/p>\n<p>Se proh\u00edbe el uso contrario a la legislaci\u00f3n sobre propiedad intelectual de los servicios prestados por ORTZADAR, S. L. y, en particular de:<\/p>\n<p>&nbsp;<\/p>\n<ul>\n<li>La utilizaci\u00f3n que resulte contraria a las leyes espa\u00f1olas o que infrinja los derechos de<\/li>\n<\/ul>\n<p>&nbsp;<\/p>\n<ul>\n<li>La publicaci\u00f3n o la transmisi\u00f3n de cualquier contenido que, a juicio nuestro, resulte violento, obsceno, abusivo, ilegal, racial, xen\u00f3fobo o<\/li>\n<\/ul>\n<p>&nbsp;<\/p>\n<ul>\n<li>Los cracks, n\u00fameros de serie de programas o cualquier otro contenido que vulnere derechos de la propiedad intelectual de<\/li>\n<\/ul>\n<p>&nbsp;<\/p>\n<ul>\n<li>La recogida y\/o utilizaci\u00f3n de datos personales de otros usuarios sin su consentimiento expreso o contraviniendo lo dispuesto en el Reglamento (UE) 2016\/679 del Parlamento Europeo y del Consejo, de 27 de abril de 2016, relativo a la protecci\u00f3n de las personas f\u00edsicas en lo que respecta al tratamiento de datos personales y a la libre circulaci\u00f3n de los mismos.<\/li>\n<\/ul>\n<p>&nbsp;<\/p>\n<ul>\n<li>La utilizaci\u00f3n del servidor de correo del dominio y de las direcciones de correo electr\u00f3nico para el env\u00edo de correo masivo no<\/li>\n<\/ul>\n<p>El usuario tiene toda la responsabilidad sobre el contenido de su web, la informaci\u00f3n transmitida \u00a0y \u00a0almacenada, \u00a0los enlaces \u00a0de \u00a0hipertexto, \u00a0las \u00a0reivindicaciones \u00a0de \u00a0terceros \u00a0y \u00a0las<\/p>\n<p>&nbsp;<\/p>\n<p>acciones legales en referencia a propiedad intelectual, derechos de terceros y protecci\u00f3n de menores.<\/p>\n<p>&nbsp;<\/p>\n<p>El usuario es responsable respecto a las leyes y \u00a0reglamentos \u00a0en \u00a0vigor \u00a0y \u00a0las \u00a0reglas \u00a0que tienen que ver con el funcionamiento del servicio online, comercio electr\u00f3nico, derechos de autor, mantenimiento del orden p\u00fablico, as\u00ed como principios universales de uso de Internet.<\/p>\n<p>&nbsp;<\/p>\n<p>El usuario indemnizar\u00e1 a ORTZADAR, S. L. por los gastos que generara la imputaci\u00f3n de ORTZADAR, S. L. en alguna causa cuya responsabilidad fuera atribuible al usuario, incluidos honorarios y gastos de defensa jur\u00eddica, incluso en el caso de una decisi\u00f3n judicial no definitiva.<\/p>\n<p>&nbsp;<\/p>\n<h3>Protecci\u00f3n de la informaci\u00f3n alojada.<\/h3>\n<p><strong>\u00a0<\/strong><\/p>\n<p>ORTZADAR, S. L. realiza copias de seguridad de los contenidos alojados en sus servidores, sin embargo no se responsabiliza de la p\u00e9rdida o el borrado accidental de los datos por parte de los usuarios. De igual manera, no garantiza la reposici\u00f3n total de los datos borrados por \u00a0los usuarios, ya que los citados datos podr\u00edan haber sido suprimidos y\/o modificados durante el periodo del tiempo transcurrido desde la \u00faltima copia de seguridad.<\/p>\n<p>&nbsp;<\/p>\n<p>Los servicios ofertados, excepto los servicios espec\u00edficos de backup, no incluyen la reposici\u00f3n de los contenidos conservados en las copias de seguridad realizadas por ORTZADAR, S. L., cuando esta p\u00e9rdida sea imputable al usuario; en este caso, se determinar\u00e1 una tarifa acorde a la complejidad y volumen de la recuperaci\u00f3n, siempre previa aceptaci\u00f3n del usuario.<\/p>\n<p>&nbsp;<\/p>\n<p>La reposici\u00f3n de datos borrados s\u00f3lo est\u00e1 incluida en el precio del servicio cuando la p\u00e9rdida del contenido sea debida a causas atribuibles a ORTZADAR, S. L..<\/p>\n<p>&nbsp;<\/p>\n<h3>Comunicaciones comerciales.<\/h3>\n<p><strong>\u00a0<\/strong><\/p>\n<p>En aplicaci\u00f3n de la LSSI. ORTZADAR, S. L. no enviar\u00e1 comunicaciones publicitarias o promocionales por correo electr\u00f3nico u \u00a0otro \u00a0medio \u00a0de \u00a0comunicaci\u00f3n \u00a0electr\u00f3nica \u00a0equivalente que previamente no hubieran sido solicitadas o expresamente autorizadas por los destinatarios de las mismas.<\/p>\n<p>&nbsp;<\/p>\n<p>En el caso de usuarios con los que exista una relaci\u00f3n contractual previa, ORTZADAR, S. L. s\u00ed est\u00e1 autorizado al env\u00edo de comunicaciones comerciales referentes a productos o servicios de ORTZADAR, S. L. que sean similares a los que inicialmente fueron objeto de contrataci\u00f3n con el cliente.<\/p>\n<p>&nbsp;<\/p>\n<p>En todo caso, el usuario, tras acreditar su identidad, podr\u00e1 solicitar que no se le haga llegar m\u00e1s informaci\u00f3n\u00a0\u00a0\u00a0\u00a0 \u00a0comercial\u00a0\u00a0\u00a0\u00a0\u00a0 a\u00a0\u00a0\u00a0 \u00a0trav\u00e9s\u00a0\u00a0\u00a0\u00a0\u00a0 de\u00a0\u00a0\u00a0 \u00a0los\u00a0\u00a0\u00a0\u00a0 \u00a0canales\u00a0\u00a0\u00a0 \u00a0de\u00a0\u00a0\u00a0 \u00a0Atenci\u00f3n\u00a0\u00a0\u00a0 \u00a0al\u00a0\u00a0\u00a0 \u00a0Cliente.<\/p>\n","protected":false},"excerpt":{"rendered":"<p>ORTZADAR, S. L. Plaza Landabaso, 12 &#8211; 3\u00ba B \u00a048015 Bilbao- Bizkaia \u00a0CIF: B48457808 &nbsp; &nbsp; www.ortzadar.es informa a los interesados acerca de su pol\u00edtica de protecci\u00f3n de datos de car\u00e1cter personal. En aplicaci\u00f3n de la normativa vigente en materia de protecci\u00f3n de datos de [&hellip;]<\/p>\n","protected":false},"author":1,"featured_media":0,"parent":0,"menu_order":0,"comment_status":"closed","ping_status":"closed","template":"","meta":{"footnotes":""},"class_list":["post-2433","page","type-page","status-publish","hentry"],"_links":{"self":[{"href":"https:\/\/ortzadar.es\/es\/wp-json\/wp\/v2\/pages\/2433","targetHints":{"allow":["GET"]}}],"collection":[{"href":"https:\/\/ortzadar.es\/es\/wp-json\/wp\/v2\/pages"}],"about":[{"href":"https:\/\/ortzadar.es\/es\/wp-json\/wp\/v2\/types\/page"}],"author":[{"embeddable":true,"href":"https:\/\/ortzadar.es\/es\/wp-json\/wp\/v2\/users\/1"}],"replies":[{"embeddable":true,"href":"https:\/\/ortzadar.es\/es\/wp-json\/wp\/v2\/comments?post=2433"}],"version-history":[{"count":9,"href":"https:\/\/ortzadar.es\/es\/wp-json\/wp\/v2\/pages\/2433\/revisions"}],"predecessor-version":[{"id":2741,"href":"https:\/\/ortzadar.es\/es\/wp-json\/wp\/v2\/pages\/2433\/revisions\/2741"}],"wp:attachment":[{"href":"https:\/\/ortzadar.es\/es\/wp-json\/wp\/v2\/media?parent=2433"}],"curies":[{"name":"wp","href":"https:\/\/api.w.org\/{rel}","templated":true}]}}