


























{"id":670,"date":"2014-03-28T13:54:26","date_gmt":"2014-03-28T13:54:26","guid":{"rendered":"http:\/\/ortzadar.es\/?page_id=670"},"modified":"2018-09-25T09:51:48","modified_gmt":"2018-09-25T08:51:48","slug":"clientes","status":"publish","type":"page","link":"https:\/\/ortzadar.es\/es\/clientes\/","title":{"rendered":"Clientes"},"content":{"rendered":"<div class=\"post-row\"><div class=\"post\"><div class=\"textshort\">\n<div class=\"accordion\" rel=\"0\"><div class=\"accordion-heading\"><a href=\"#\">\u00bb\u00c1MBITO&nbsp;MUNICIPAL\u00bb<\/a><\/div><div class=\"accordion-container\"><div class=\"span4\">\n<ul class=\"Clientes\">\n<li>Ayuntamiento de Abanto-Zierbena<\/li>\n<li>Ayuntamiento de Arrigorriaga<\/li>\n<li>Ayuntamiento de Arrieta<\/li>\n<li>Ayuntamiento de Abadi\u00f1o<\/li>\n<li>Ayuntamiento de Amorebieta \u2013 Etxano<\/li>\n<li>Ayuntamiento de Amurrio<\/li>\n<li>Ayuntamiento de Arrasate<\/li>\n<li>Ayuntamiento de Artzentales<\/li>\n<li>Ayuntamiento de Bakio<\/li>\n<li>Ayuntamiento de Balmaseda<\/li>\n<li>Ayuntamiento de Barakaldo<\/li>\n<li>Ayuntamiento de Barrika<\/li>\n<li>Ayuntamiento de Basauri<\/li>\n<li>Ayuntamiento de Berango<\/li>\n<li>Ayuntamiento de Bergara<\/li>\n<li>Ayuntamiento de Bilbao<\/li>\n<li>Ayuntamiento de Derio<\/li>\n<li>Ayuntamiento de Erandio<\/li>\n<\/ul>\n<\/div>\n<div class=\"span4\">\n<ul class=\"Clientes\">\n<li>Ayuntamiento de Elorrio<\/li>\n<li>Ayuntamiento de Ermua<\/li>\n<li>Ayuntamiento de Fruiz<\/li>\n<li>Ayuntamiento de Galdakao<\/li>\n<li>Ayuntamiento de Getxo<\/li>\n<li>Ayuntamiento de Gorliz<\/li>\n<li>Ayuntamiento de Karrantza<\/li>\n<li>Ayuntamiento de Iurreta<\/li>\n<li>Ayuntamiento de Izurtza<\/li>\n<li>Ayuntamiento de Laredo<\/li>\n<li>Ayuntamiento de Larrabetzu<\/li>\n<li>Ayuntamiento de Lezama<\/li>\n<li>Ayuntamiento de Loiu<\/li>\n<li>Ayuntamiento de Ma\u00f1aria<\/li>\n<li>Ayuntamiento de Muskiz<\/li>\n<li>Ayuntamiento de Orozko<\/li>\n<li>Ayuntamiento de Ortuella<\/li>\n<li>Ayuntamiento de Plentzia<\/li>\n<\/ul>\n<\/div>\n<div class=\"span4\">\n<ul class=\"Clientes\">\n<li>Ayuntamiento de Portugalete<\/li>\n<li>Ayuntamiento de Santurtzi<\/li>\n<li>Ayuntamiento de Sondika<\/li>\n<li>Ayuntamiento de Trapagaran<\/li>\n<li>Ayuntamiento de Turtzioz<\/li>\n<li>Ayuntamiento de Urduliz<\/li>\n<li>Ayuntamiento de Ugao &#8211; Miraballes<\/li>\n<li>Ayuntamiento de Zamudio<\/li>\n<li>Ayuntamiento de Vitoria &#8211; Gazteiz<\/li>\n<li>Ayuntamiento de Zamudio<\/li>\n<li>Mancomunidad de Lea Artibai<\/li>\n<li>Mancomunidad de Servicios Uribe Kosta<\/li>\n<li>Mancomunidad de Arratia<\/li>\n<li>Mancomunidad de Servicios del Txorierri<\/li>\n<li>Consorcio Mungialde de Servicios Sociales<\/li>\n<li>Enkarterrialdea<\/li>\n<li>Inguralde<\/li>\n<\/ul>\n<\/div>\n<div style=\"clear:both;\"><\/div><\/div><div class=\"accordion-heading\"><a href=\"#\">\u00bbENTIDADES&nbsp;P\u00daBLICAS&nbsp;DE&nbsp;LOS&nbsp;TERRITORIOS&nbsp;HIST\u00d3RICOS&nbsp;Y&nbsp;DE&nbsp;LA&nbsp;COMUNIDAD&nbsp;AUT\u00d3NOMA&nbsp;DEL&nbsp;PA\u00cdS&nbsp;VASCO\u00bb<\/a><\/div><div class=\"accordion-container\"><div class=\"span6\">\n<h4>Diputaci\u00f3n Foral de Bizkaia:<\/h4>\n<ul class=\"Clientes\">\n<li>Dpto. de Medio Ambiente<\/li>\n<li>Dpto. de Promoci\u00f3n Econ\u00f3mica<\/li>\n<li>Entidad P\u00fablica Empresarial Foral \u2013 Bizkaikoa<\/li>\n<\/ul>\n<\/div>\n<div class=\"span6\">\n<h4>Gobierno Vasco:<\/h4>\n<ul class=\"Clientes\">\n<li>Direcci\u00f3n de Salud P\u00fablica y Adicciones<\/li>\n<li>Instituto Vasco de Consumo \u2013 Kontsumobide<\/li>\n<li>Dpto. de Medio Ambiente y Pol\u00edtica Territorial<\/li>\n<li>Dpto. de Seguridad<\/li>\n<li>Ihobe S.A.<\/li>\n<li>Museo Mar\u00edtimo R\u00eda de Bilbao<\/li>\n<li>Euskal Museoa<\/li>\n<\/ul>\n<\/div>\n<div style=\"clear:both;\"><\/div><\/div><div class=\"accordion-heading\"><a href=\"#\">\u00bbENTIDADES&nbsp;PRIVADAS&nbsp;DE&nbsp;LA&nbsp;COMUNIDAD&nbsp;AUT\u00d3NOMA&nbsp;DEL&nbsp;PA\u00cdS&nbsp;VASCO\u00bb<\/a><\/div><div class=\"accordion-container\"><ul class=\"Clientes\">\n<li>Universidad de Deusto<\/li>\n<li>Fundaci\u00f3n Intermon Oxfam<\/li>\n<li>Zorrozua y Asociados s.l.<\/li>\n<li>Virtual Ware<\/li>\n<li>CESPA S.A.<\/li>\n<li>FAE (Federaci\u00f3n de Autoescuelas de Euskadi)<\/li>\n<\/ul><\/div><div class=\"accordion-heading\"><a href=\"#\">\u00bbENTIDADES&nbsp;P\u00daBLICAS&nbsp;DE&nbsp;OTRAS&nbsp;COMUNIDADES&nbsp;AUT\u00d3NOMAS\u00bb<\/a><\/div><div class=\"accordion-container\"><ul class=\"Clientes\">\n<li>Mancomunidad de la Comarca de Pamplona<\/li>\n<li>Junta de Extremadura<\/li>\n<li>C\u00e1mara de Comercio de Orense<\/li>\n<\/ul><\/div><div class=\"accordion-heading\"><a href=\"#\">\u00bbCOLABORACIONES\u00bb<\/a><\/div><div class=\"accordion-container\"><ul class=\"Clientes\">\n<li>IDD Instituto de Deusto de Drogodependencias<\/li>\n<li>FAMOSA S.A.<\/li>\n<li>Tea-Cegos S.A.<\/li>\n<li>Ingurugela<\/li>\n<li>Facultad de Geolog\u00eda EHU-UPV<\/li>\n<li>AZTI-TECNALIA<\/li>\n<li>Dpto. de Agricultura del Gobierno Vasco<\/li>\n<li>Fondo Formaci\u00f3n<\/li>\n<li>Escuela de Magisterio de la EHU-UPV<\/li>\n<li>Facultad de Farmacia de la EHU-UPV<\/li>\n<li>Itsasmendikoi<\/li>\n<li>Instituto Polit\u00e9cnico Txorierri<\/li>\n<li>Dpto. Psicolog\u00eda Social EHU-UPV<\/li>\n<li>Facultad de Ciencia Sociales y Humana Univ. Deusto<\/li>\n<li>Instituto de Estudio de Ocio Univ. Deusto<\/li>\n<\/ul><\/div><\/div>\n<\/div><\/div><\/div>\n","protected":false},"excerpt":{"rendered":"","protected":false},"author":1,"featured_media":0,"parent":0,"menu_order":0,"comment_status":"open","ping_status":"open","template":"","meta":{"footnotes":""},"class_list":["post-670","page","type-page","status-publish","hentry"],"_links":{"self":[{"href":"https:\/\/ortzadar.es\/es\/wp-json\/wp\/v2\/pages\/670","targetHints":{"allow":["GET"]}}],"collection":[{"href":"https:\/\/ortzadar.es\/es\/wp-json\/wp\/v2\/pages"}],"about":[{"href":"https:\/\/ortzadar.es\/es\/wp-json\/wp\/v2\/types\/page"}],"author":[{"embeddable":true,"href":"https:\/\/ortzadar.es\/es\/wp-json\/wp\/v2\/users\/1"}],"replies":[{"embeddable":true,"href":"https:\/\/ortzadar.es\/es\/wp-json\/wp\/v2\/comments?post=670"}],"version-history":[{"count":46,"href":"https:\/\/ortzadar.es\/es\/wp-json\/wp\/v2\/pages\/670\/revisions"}],"predecessor-version":[{"id":2215,"href":"https:\/\/ortzadar.es\/es\/wp-json\/wp\/v2\/pages\/670\/revisions\/2215"}],"wp:attachment":[{"href":"https:\/\/ortzadar.es\/es\/wp-json\/wp\/v2\/media?parent=670"}],"curies":[{"name":"wp","href":"https:\/\/api.w.org\/{rel}","templated":true}]}}